{"id":1273,"date":"2025-12-02T20:21:29","date_gmt":"2025-12-02T19:21:29","guid":{"rendered":"https:\/\/frax.no\/site\/?page_id=1273"},"modified":"2026-02-01T12:36:00","modified_gmt":"2026-02-01T11:36:00","slug":"skjema","status":"publish","type":"page","link":"https:\/\/frax.no\/site\/?page_id=1273","title":{"rendered":"Rapportskjema for likepersonsaktivitet"},"content":{"rendered":"\n<p>UNDER ARBEID<\/p>\n\n\n\n<p>Foreningen f\u00e5r \u00f8konomisk st\u00f8tte fra Barne-, ungdoms- og familiedirektoratet (Bufdir), basert p\u00e5 antall likepersonsaktiviteter. Det er derfor viktig \u00e5 registrere tellende aktiviteter inn til styret. Som tellende likepersonsaktiviteter regnes opps\u00f8kende likepersonsarbeid, samtale- og aktivitetsgrupper, med tre eller flere deltakere, og likepersonskurs som finner sted i Norge. Det gis poeng per dag aktiviteten gjennomf\u00f8res.<\/p>\n\n\n\n<ul class=\"wp-block-list\">\n<li><strong>Opps\u00f8kende likepersonsarbeid<\/strong>: En samtale mellom likeperson i organisasjonen og person med funksjonsnedsettelse\/p\u00e5r\u00f8rende i organisasjonens m\u00e5lgruppe, og som foreg\u00e5r ved personlig fremm\u00f8te. Andre former for erfaringsutveksling, anses ikke som opps\u00f8kende likepersonsarbeid<\/li>\n\n\n\n<li><strong>Samtalegruppe og aktivitetsgruppe<\/strong>: en tidsavgrenset (minimum 45 min) samling ledet av en likeperson<\/li>\n\n\n\n<li><strong>Likepersonskurs<\/strong>: en tidsavgrenset aktivitet for oppl\u00e6ring av likepersoner. En kursdag m\u00e5 ha en varighet p\u00e5 minst to ganger 45 minutter<\/li>\n<\/ul>\n\n\n\n<p>Rapportskjema for likepersonsaktivitet finner du her: <a href=\"https:\/\/forms.office.com\/e\/6aj80c7kM1\">Rapportskjema for likepersonsaktivitet <\/a><\/p>\n\n\n\n<p><\/p>\n","protected":false},"excerpt":{"rendered":"<p>UNDER ARBEID Foreningen f\u00e5r \u00f8konomisk st\u00f8tte fra Barne-, ungdoms- og familiedirektoratet (Bufdir), basert p\u00e5 antall likepersonsaktiviteter. Det er derfor viktig \u00e5 registrere tellende aktiviteter inn til styret. Som tellende likepersonsaktiviteter regnes opps\u00f8kende likepersonsarbeid, samtale- og aktivitetsgrupper, med tre eller flere deltakere, og likepersonskurs som finner sted i Norge. Det gis poeng per dag aktiviteten gjennomf\u00f8res. [&hellip;]<\/p>\n","protected":false},"author":3,"featured_media":0,"parent":0,"menu_order":0,"comment_status":"closed","ping_status":"closed","template":"","meta":{"footnotes":""},"class_list":["post-1273","page","type-page","status-publish","czr-hentry"],"aioseo_notices":[],"jetpack_sharing_enabled":true,"_links":{"self":[{"href":"https:\/\/frax.no\/site\/index.php?rest_route=\/wp\/v2\/pages\/1273","targetHints":{"allow":["GET"]}}],"collection":[{"href":"https:\/\/frax.no\/site\/index.php?rest_route=\/wp\/v2\/pages"}],"about":[{"href":"https:\/\/frax.no\/site\/index.php?rest_route=\/wp\/v2\/types\/page"}],"author":[{"embeddable":true,"href":"https:\/\/frax.no\/site\/index.php?rest_route=\/wp\/v2\/users\/3"}],"replies":[{"embeddable":true,"href":"https:\/\/frax.no\/site\/index.php?rest_route=%2Fwp%2Fv2%2Fcomments&post=1273"}],"version-history":[{"count":7,"href":"https:\/\/frax.no\/site\/index.php?rest_route=\/wp\/v2\/pages\/1273\/revisions"}],"predecessor-version":[{"id":1297,"href":"https:\/\/frax.no\/site\/index.php?rest_route=\/wp\/v2\/pages\/1273\/revisions\/1297"}],"wp:attachment":[{"href":"https:\/\/frax.no\/site\/index.php?rest_route=%2Fwp%2Fv2%2Fmedia&parent=1273"}],"curies":[{"name":"wp","href":"https:\/\/api.w.org\/{rel}","templated":true}]}}