{"id":50,"date":"2022-03-13T12:17:07","date_gmt":"2022-03-13T11:17:07","guid":{"rendered":"https:\/\/frax.no\/site\/?page_id=50"},"modified":"2026-01-30T09:04:12","modified_gmt":"2026-01-30T08:04:12","slug":"om","status":"publish","type":"page","link":"https:\/\/frax.no\/site\/?page_id=50","title":{"rendered":"Om oss"},"content":{"rendered":"\n<p>Foreningen for Fragilt&nbsp;X-Syndrom er en frivillig, foreldredrevet interesseorganisasjon for familier og personer som er ber\u00f8rt av Fragilt&nbsp;X-Syndrom i Norge. Vi er en&nbsp;<em>akkurat passe stor forening<\/em>&nbsp;hvor alle kjenner hverandre, st\u00f8tter hverandre og st\u00e5r sammen gjennom b\u00e5de hverdagsgleder og utfordringer.&nbsp;&nbsp;<\/p>\n\n\n\n<p>Vi vet hva det betyr \u00e5 leve med Fragilt&nbsp;X-Syndrom \u2013 mange av oss har v\u00e6rt der selv som foreldre, s\u00f8sken eller n\u00e6r familie. Derfor handler v\u00e5rt arbeid om mer enn bare informasjon: vi vil skape et&nbsp;<em>fellesskap hvor det er rom for b\u00e5de latter og t\u00e5rer<\/em>, hvor vi kan dele erfaringer, l\u00e6re av hverandre og finne styrke i det \u00e5 v\u00e6re flere sammen.&nbsp;&nbsp;<\/p>\n\n\n\n<p>Hos oss finner du likepersoner og nettverk som vet akkurat hvordan det er \u00e5 m\u00f8te utfordringer knyttet til diagnosen. Vi organiserer aktiviteter, familiesamlinger, informasjonsdager og m\u00f8ter hvor medlemmer kan treffe hverandre og bygge relasjoner.&nbsp;&nbsp;<\/p>\n\n\n\n<p>Vi gir ogs\u00e5 praktisk og emosjonell st\u00f8tte, og forbedrer samtidig kunnskapen og forst\u00e5elsen av Fragilt&nbsp;X&nbsp;i samfunnet og overfor beslutningstakere.&nbsp;&nbsp;<\/p>\n\n\n\n<p>Fragilt\u00a0X-Syndrom er den vanligste arvelige formen for utviklingshemming og autisme, og det p\u00e5virker b\u00e5de den som har diagnosen og hele familien rundt.\u00a0Ler mer om Fragilt X-Syndrom p\u00e5 <a href=\"https:\/\/frambu.no\/diagnose\/fragilt-x-syndrom\/\" target=\"_blank\" rel=\"noopener\" title=\"\">Frambu<\/a> <\/p>\n\n\n\n<p>Som forening jobber vi for \u00e5 spre kunnskap om diagnosen, fremme rettigheter og st\u00f8tte familier i \u00e5 finne verkt\u00f8y og fellesskap som styrker livskvaliteten.&nbsp;&nbsp;<\/p>\n\n\n\n<p>Vi er stolte av \u00e5 v\u00e6re en familie av medlemmer og frivillige som bryr seg \u2013 b\u00e5de om hverandre og om det viktige arbeidet som ligger foran oss.&nbsp;<\/p>\n\n\n\n<figure class=\"wp-block-image size-large\"><img loading=\"lazy\" decoding=\"async\" width=\"1024\" height=\"768\" src=\"https:\/\/frax.no\/site\/wp-content\/uploads\/20240907_063627179_iOS-1024x768.jpg\" alt=\"\" class=\"wp-image-1068\" srcset=\"https:\/\/frax.no\/site\/wp-content\/uploads\/20240907_063627179_iOS-1024x768.jpg 1024w, https:\/\/frax.no\/site\/wp-content\/uploads\/20240907_063627179_iOS-300x225.jpg 300w, https:\/\/frax.no\/site\/wp-content\/uploads\/20240907_063627179_iOS-768x576.jpg 768w, https:\/\/frax.no\/site\/wp-content\/uploads\/20240907_063627179_iOS-1536x1152.jpg 1536w, https:\/\/frax.no\/site\/wp-content\/uploads\/20240907_063627179_iOS-2048x1536.jpg 2048w, https:\/\/frax.no\/site\/wp-content\/uploads\/20240907_063627179_iOS-570x428.jpg 570w\" sizes=\"auto, (max-width: 1024px) 100vw, 1024px\" \/><\/figure>\n","protected":false},"excerpt":{"rendered":"<p>Foreningen for Fragilt&nbsp;X-Syndrom er en frivillig, foreldredrevet interesseorganisasjon for familier og personer som er ber\u00f8rt av Fragilt&nbsp;X-Syndrom i Norge. Vi er en&nbsp;akkurat passe stor forening&nbsp;hvor alle kjenner hverandre, st\u00f8tter hverandre og st\u00e5r sammen gjennom b\u00e5de hverdagsgleder og utfordringer.&nbsp;&nbsp; Vi vet hva det betyr \u00e5 leve med Fragilt&nbsp;X-Syndrom \u2013 mange av oss har v\u00e6rt der selv [&hellip;]<\/p>\n","protected":false},"author":1,"featured_media":0,"parent":0,"menu_order":0,"comment_status":"closed","ping_status":"closed","template":"","meta":{"footnotes":""},"class_list":["post-50","page","type-page","status-publish","czr-hentry"],"aioseo_notices":[],"jetpack_sharing_enabled":true,"_links":{"self":[{"href":"https:\/\/frax.no\/site\/index.php?rest_route=\/wp\/v2\/pages\/50","targetHints":{"allow":["GET"]}}],"collection":[{"href":"https:\/\/frax.no\/site\/index.php?rest_route=\/wp\/v2\/pages"}],"about":[{"href":"https:\/\/frax.no\/site\/index.php?rest_route=\/wp\/v2\/types\/page"}],"author":[{"embeddable":true,"href":"https:\/\/frax.no\/site\/index.php?rest_route=\/wp\/v2\/users\/1"}],"replies":[{"embeddable":true,"href":"https:\/\/frax.no\/site\/index.php?rest_route=%2Fwp%2Fv2%2Fcomments&post=50"}],"version-history":[{"count":3,"href":"https:\/\/frax.no\/site\/index.php?rest_route=\/wp\/v2\/pages\/50\/revisions"}],"predecessor-version":[{"id":1295,"href":"https:\/\/frax.no\/site\/index.php?rest_route=\/wp\/v2\/pages\/50\/revisions\/1295"}],"wp:attachment":[{"href":"https:\/\/frax.no\/site\/index.php?rest_route=%2Fwp%2Fv2%2Fmedia&parent=50"}],"curies":[{"name":"wp","href":"https:\/\/api.w.org\/{rel}","templated":true}]}}